{"id":270,"date":"2025-08-10T06:55:32","date_gmt":"2025-08-10T04:55:32","guid":{"rendered":"https:\/\/solfaclick.com\/?page_id=270"},"modified":"2026-04-26T11:55:57","modified_gmt":"2026-04-26T09:55:57","slug":"a-propos","status":"publish","type":"page","link":"https:\/\/solfaclick.com\/?page_id=270","title":{"rendered":"\u00c0 propos"},"content":{"rendered":"\t\t<div data-elementor-type=\"wp-page\" data-elementor-id=\"270\" class=\"elementor elementor-270\">\n\t\t\t\t<div class=\"elementor-element elementor-element-6dd5ef3 e-flex e-con-boxed e-con e-parent\" data-id=\"6dd5ef3\" data-element_type=\"container\" data-e-type=\"container\">\n\t\t\t\t\t<div class=\"e-con-inner\">\n\t\t\t\t<div class=\"elementor-element elementor-element-ad3c23e elementor-widget elementor-widget-text-editor\" data-id=\"ad3c23e\" data-element_type=\"widget\" data-e-type=\"widget\" data-widget_type=\"text-editor.default\">\n\t\t\t\t\t\t\t\t\t<h2 style=\"text-align: center;\">\u00a0<\/h2><h2 style=\"text-align: center;\">\u00a0<\/h2><h2 style=\"text-align: center;\"><span style=\"color: #024e77;\">Alain Stoffen &#8211; Professeur de piano et p\u00e9dagogue passionn\u00e9.<\/span><\/h2>\t\t\t\t\t\t\t\t<\/div>\n\t\t\t\t\t<\/div>\n\t\t\t\t<\/div>\n\t\t<div class=\"elementor-element elementor-element-ecc99f7 e-flex e-con-boxed e-con e-parent\" data-id=\"ecc99f7\" data-element_type=\"container\" data-e-type=\"container\">\n\t\t\t\t\t<div class=\"e-con-inner\">\n\t\t<div class=\"elementor-element elementor-element-a409974 e-con-full e-flex e-con e-child\" data-id=\"a409974\" data-element_type=\"container\" data-e-type=\"container\">\n\t\t\t\t<div class=\"elementor-element elementor-element-4df9340 elementor-widget elementor-widget-text-editor\" data-id=\"4df9340\" data-element_type=\"widget\" data-e-type=\"widget\" data-widget_type=\"text-editor.default\">\n\t\t\t\t\t\t\t\t\t<h5><strong data-start=\"610\" data-end=\"635\">Depuis plus de 40 ans<\/strong>, Alain Stoffen consacre son travail \u00e0 rendre l\u2019apprentissage de la musique aussi naturel et r\u00e9jouissant que de jouer.<br \/><br \/><\/h5><h5>Ses m\u00e9thodes et outils ont d\u00e9j\u00e0 permis \u00e0 plusieurs milliers d\u2019\u00e9l\u00e8ves de d\u00e9passer leurs blocages et de d\u00e9couvrir la joie de lire la musique sans crainte du solf\u00e8ge.<br \/><br \/><\/h5><h5>2016 \u2013 Dr\u00f4les de Notes<br data-start=\"947\" data-end=\"950\" \/>Il cr\u00e9e <em data-start=\"958\" data-end=\"975\">Dr\u00f4les de Notes<\/em>, un jeu espi\u00e8gle pour apprendre la lecture des notes. \u00c9lu <em data-start=\"1034\" data-end=\"1059\">meilleur jeu de l\u2019ann\u00e9e<\/em> <em>2016<\/em> par <em data-start=\"1064\" data-end=\"1084\">Le Quotidien Libre<\/em>, il est aujourd\u2019hui utilis\u00e9 par plus de 2 500 professeurs pour stimuler la progression de leurs \u00e9l\u00e8ves avec enthousiasme.<br \/><br \/><\/h5><h5 style=\"text-align: left;\" data-start=\"1210\" data-end=\"1458\"><strong data-start=\"1210\" data-end=\"1231\">Conte p\u00e9dagogique<\/strong><br data-start=\"1231\" data-end=\"1234\" \/>Il est l\u2019auteur du r\u00e9cit <em data-start=\"1259\" data-end=\"1309\">Le coq farceur et les moines qui chantaient faux<\/em>, une aventure au c\u0153ur d\u2019un Moyen \u00c2ge fantastique qui permet aux enfants de d\u00e9couvrir les bases de la musique tout en nourrissant leur imagination.<br \/><br \/><\/h5><h5 style=\"text-align: left;\" data-start=\"1460\" data-end=\"1700\"><strong data-start=\"1460\" data-end=\"1503\">2012 \u2013 Lire la musique en un clin d\u2019\u0153il<\/strong><br data-start=\"1503\" data-end=\"1506\" \/>Il con\u00e7oit une m\u00e9thode qui a transform\u00e9 le parcours de milliers d\u2019adultes persuad\u00e9s qu\u2019ils n\u2019\u00e9taient pas \u201cfaits pour la musique\u201d, leur permettant de lire une partition avec aisance et plaisir.<br \/><br \/><\/h5><h5 style=\"text-align: left;\" data-start=\"1702\" data-end=\"1980\"><strong data-start=\"1702\" data-end=\"1727\">2019 \u2013 Cha\u00eene YouTube<\/strong><br data-start=\"1727\" data-end=\"1730\" \/>Il lance <em data-start=\"1739\" data-end=\"1771\">La p\u00e9dagogie musicale cr\u00e9ative<\/em>, destin\u00e9e \u00e0 celles et ceux qui ont toujours r\u00eav\u00e9 de faire de la musique mais ont \u00e9t\u00e9 rebut\u00e9s par le solf\u00e8ge. On y trouve les bases essentielles pour d\u00e9marrer du bon pied, dans un esprit ludique et motivant.<br \/><br \/><\/h5><h5 style=\"text-align: left;\" data-start=\"1982\" data-end=\"2219\"><strong data-start=\"1982\" data-end=\"2017\">2020 \u2013 Plateforme de formations<\/strong><br data-start=\"2017\" data-end=\"2020\" \/>Il cr\u00e9e un espace d\u2019apprentissage en ligne, proposant des formations en vid\u00e9o et qui accueille aujourd\u2019hui plus de 1 700 \u00e9tudiants. Ces parcours structur\u00e9s permettent de progresser rapidement, avec un accompagnement humain et motivant.<br \/><br \/><\/h5><h5 style=\"text-align: left;\" data-start=\"2221\" data-end=\"2453\"><strong data-start=\"2221\" data-end=\"2242\">2025 \u2013 SolfaClick<\/strong><br data-start=\"2242\" data-end=\"2245\" \/>Il lance un outil interactif et ludique con\u00e7u pour perfectionner la lecture des notes et lib\u00e9rer d\u00e9finitivement les musiciens de la gal\u00e8re du d\u00e9chiffrage, ouvrant la voie \u00e0 une pratique fluide et confiante.<\/h5>\t\t\t\t\t\t\t\t<\/div>\n\t\t\t\t<\/div>\n\t\t<div class=\"elementor-element elementor-element-b0ab8cb e-con-full e-flex e-con e-child\" data-id=\"b0ab8cb\" data-element_type=\"container\" data-e-type=\"container\">\n\t\t\t\t<div class=\"elementor-element elementor-element-2d35bba elementor-widget elementor-widget-image\" data-id=\"2d35bba\" data-element_type=\"widget\" data-e-type=\"widget\" data-widget_type=\"image.default\">\n\t\t\t\t\t\t\t\t\t\t\t\t\t\t\t<img decoding=\"async\" src=\"https:\/\/apprendre-la-musique.fr\/wp-content\/uploads\/2014\/01\/POSTERVID3_1-V1.jpg\" title=\"\" alt=\"\" loading=\"lazy\" \/>\t\t\t\t\t\t\t\t\t\t\t\t\t\t\t<\/div>\n\t\t\t\t<div class=\"elementor-element elementor-element-4168ce7 elementor-widget elementor-widget-image\" data-id=\"4168ce7\" data-element_type=\"widget\" data-e-type=\"widget\" data-widget_type=\"image.default\">\n\t\t\t\t\t\t\t\t\t\t\t\t\t\t\t<img decoding=\"async\" src=\"https:\/\/apprendre-la-musique.fr\/wp-content\/uploads\/2020\/04\/Piano-BW-Hands.jpg\" title=\"\" alt=\"\" loading=\"lazy\" \/>\t\t\t\t\t\t\t\t\t\t\t\t\t\t\t<\/div>\n\t\t\t\t<\/div>\n\t\t\t\t\t<\/div>\n\t\t\t\t<\/div>\n\t\t<div class=\"elementor-element elementor-element-c7dfa50 e-flex e-con-boxed e-con e-parent\" data-id=\"c7dfa50\" data-element_type=\"container\" data-e-type=\"container\">\n\t\t\t\t\t<div class=\"e-con-inner\">\n\t\t\t\t<div class=\"elementor-element elementor-element-83f35a6 elementor-widget elementor-widget-text-editor\" data-id=\"83f35a6\" data-element_type=\"widget\" data-e-type=\"widget\" data-widget_type=\"text-editor.default\">\n\t\t\t\t\t\t\t\t\t<h1 style=\"text-align: center;\"><br \/>La p\u00e9dagogie d&#8217;Alain Stoffen \u00e0 la une des m\u00e9dias<\/h1>\t\t\t\t\t\t\t\t<\/div>\n\t\t\t\t\t<\/div>\n\t\t\t\t<\/div>\n\t\t<div class=\"elementor-element elementor-element-c7d602c e-flex e-con-boxed e-con e-parent\" data-id=\"c7d602c\" data-element_type=\"container\" data-e-type=\"container\">\n\t\t\t\t\t<div class=\"e-con-inner\">\n\t\t\t\t<div class=\"elementor-element elementor-element-18771f3 elementor-widget elementor-widget-text-editor\" data-id=\"18771f3\" data-element_type=\"widget\" data-e-type=\"widget\" data-widget_type=\"text-editor.default\">\n\t\t\t\t\t\t\t\t\t<h3 style=\"text-align: center;\"><span style=\"color: #ff0000;\">Un professeur de piano<\/span>\u00a0<span style=\"color: #024e77;\"><strong>r\u00e9volutionne<\/strong><\/span>\u00a0<span style=\"color: #ff0000;\">l\u2019apprentissage du solf\u00e8ge<\/span>\u00a0(Garches en Direct)<\/h3><h3 style=\"text-align: center;\"><br \/><span style=\"color: #ff0000;\">Alain Stoffen<\/span>\u00a0<strong><span style=\"color: #024e77;\">r\u00e9invente<\/span>\u00a0<\/strong><span style=\"color: #ff0000;\">l\u2019apprentissage du solf\u00e8ge<\/span>\u00a0(Musickeys)<\/h3><h3 style=\"text-align: center;\"><br \/><span style=\"color: #ff0000;\">Une m\u00e9thode<\/span>\u00a0<span style=\"color: #024e77;\"><strong>innovante<\/strong><\/span>\u00a0(Nice Matin \u2013 L\u2019\u00c9cole des Parents)<\/h3>\t\t\t\t\t\t\t\t<\/div>\n\t\t\t\t\t<\/div>\n\t\t\t\t<\/div>\n\t\t<div class=\"elementor-element elementor-element-5491479 e-flex e-con-boxed e-con e-parent\" data-id=\"5491479\" data-element_type=\"container\" data-e-type=\"container\">\n\t\t\t\t\t<div class=\"e-con-inner\">\n\t\t\t\t<div class=\"elementor-element elementor-element-b012a98 elementor-widget elementor-widget-image\" data-id=\"b012a98\" data-element_type=\"widget\" data-e-type=\"widget\" data-widget_type=\"image.default\">\n\t\t\t\t\t\t\t\t\t\t\t\t\t\t\t<img decoding=\"async\" src=\"https:\/\/apprendre-la-musique.fr\/wp-content\/uploads\/2021\/09\/ASTOFFEN-LA-PRESSE-EN-PARLE.png\" title=\"\" alt=\"\" loading=\"lazy\" \/>\t\t\t\t\t\t\t\t\t\t\t\t\t\t\t<\/div>\n\t\t\t\t\t<\/div>\n\t\t\t\t<\/div>\n\t\t\t\t<\/div>\n\t\t","protected":false},"excerpt":{"rendered":"<p>\u00a0 \u00a0 Alain Stoffen &#8211; Professeur de piano et p\u00e9dagogue passionn\u00e9. Depuis plus de 40 ans, Alain Stoffen consacre son [&hellip;]<\/p>\n","protected":false},"author":1,"featured_media":0,"parent":0,"menu_order":0,"comment_status":"closed","ping_status":"closed","template":"elementor_header_footer","meta":{"site-sidebar-layout":"no-sidebar","site-content-layout":"","ast-site-content-layout":"full-width-container","site-content-style":"default","site-sidebar-style":"default","ast-global-header-display":"","ast-banner-title-visibility":"","ast-main-header-display":"","ast-hfb-above-header-display":"","ast-hfb-below-header-display":"","ast-hfb-mobile-header-display":"","site-post-title":"","ast-breadcrumbs-content":"","ast-featured-img":"disabled","footer-sml-layout":"","ast-disable-related-posts":"","theme-transparent-header-meta":"","adv-header-id-meta":"","stick-header-meta":"","header-above-stick-meta":"","header-main-stick-meta":"","header-below-stick-meta":"","astra-migrate-meta-layouts":"default","ast-page-background-enabled":"default","ast-page-background-meta":{"desktop":{"background-color":"var(--ast-global-color-5)","background-image":"","background-repeat":"repeat","background-position":"center center","background-size":"auto","background-attachment":"scroll","background-type":"","background-media":"","overlay-type":"","overlay-color":"","overlay-opacity":"","overlay-gradient":""},"tablet":{"background-color":"","background-image":"","background-repeat":"repeat","background-position":"center center","background-size":"auto","background-attachment":"scroll","background-type":"","background-media":"","overlay-type":"","overlay-color":"","overlay-opacity":"","overlay-gradient":""},"mobile":{"background-color":"","background-image":"","background-repeat":"repeat","background-position":"center center","background-size":"auto","background-attachment":"scroll","background-type":"","background-media":"","overlay-type":"","overlay-color":"","overlay-opacity":"","overlay-gradient":""}},"ast-content-background-meta":{"desktop":{"background-color":"var(--ast-global-color-4)","background-image":"","background-repeat":"repeat","background-position":"center center","background-size":"auto","background-attachment":"scroll","background-type":"","background-media":"","overlay-type":"","overlay-color":"","overlay-opacity":"","overlay-gradient":""},"tablet":{"background-color":"var(--ast-global-color-4)","background-image":"","background-repeat":"repeat","background-position":"center center","background-size":"auto","background-attachment":"scroll","background-type":"","background-media":"","overlay-type":"","overlay-color":"","overlay-opacity":"","overlay-gradient":""},"mobile":{"background-color":"var(--ast-global-color-4)","background-image":"","background-repeat":"repeat","background-position":"center center","background-size":"auto","background-attachment":"scroll","background-type":"","background-media":"","overlay-type":"","overlay-color":"","overlay-opacity":"","overlay-gradient":""}},"footnotes":""},"class_list":["post-270","page","type-page","status-publish","hentry"],"yoast_head":"<!-- This site is optimized with the Yoast SEO plugin v27.4 - https:\/\/yoast.com\/product\/yoast-seo-wordpress\/ -->\n<title>\u00c0 propos -<\/title>\n<meta name=\"robots\" content=\"index, follow, max-snippet:-1, max-image-preview:large, max-video-preview:-1\" \/>\n<link rel=\"canonical\" href=\"https:\/\/solfaclick.com\/?page_id=270\" \/>\n<meta property=\"og:locale\" content=\"en_US\" \/>\n<meta property=\"og:type\" content=\"article\" \/>\n<meta property=\"og:title\" content=\"\u00c0 propos -\" \/>\n<meta property=\"og:description\" content=\"\u00a0 \u00a0 Alain Stoffen &#8211; Professeur de piano et p\u00e9dagogue passionn\u00e9. Depuis plus de 40 ans, Alain Stoffen consacre son [&hellip;]\" \/>\n<meta property=\"og:url\" content=\"https:\/\/solfaclick.com\/?page_id=270\" \/>\n<meta property=\"article:modified_time\" content=\"2026-04-26T09:55:57+00:00\" \/>\n<meta property=\"og:image\" content=\"https:\/\/apprendre-la-musique.fr\/wp-content\/uploads\/2014\/01\/POSTERVID3_1-V1.jpg\" \/>\n<meta name=\"twitter:card\" content=\"summary_large_image\" \/>\n<meta name=\"twitter:label1\" content=\"Est. reading time\" \/>\n\t<meta name=\"twitter:data1\" content=\"2 minutes\" \/>\n<script type=\"application\/ld+json\" class=\"yoast-schema-graph\">{\"@context\":\"https:\\\/\\\/schema.org\",\"@graph\":[{\"@type\":\"WebPage\",\"@id\":\"https:\\\/\\\/solfaclick.com\\\/?page_id=270\",\"url\":\"https:\\\/\\\/solfaclick.com\\\/?page_id=270\",\"name\":\"\u00c0 propos -\",\"isPartOf\":{\"@id\":\"https:\\\/\\\/solfaclick.com\\\/#website\"},\"primaryImageOfPage\":{\"@id\":\"https:\\\/\\\/solfaclick.com\\\/?page_id=270#primaryimage\"},\"image\":{\"@id\":\"https:\\\/\\\/solfaclick.com\\\/?page_id=270#primaryimage\"},\"thumbnailUrl\":\"https:\\\/\\\/apprendre-la-musique.fr\\\/wp-content\\\/uploads\\\/2014\\\/01\\\/POSTERVID3_1-V1.jpg\",\"datePublished\":\"2025-08-10T04:55:32+00:00\",\"dateModified\":\"2026-04-26T09:55:57+00:00\",\"breadcrumb\":{\"@id\":\"https:\\\/\\\/solfaclick.com\\\/?page_id=270#breadcrumb\"},\"inLanguage\":\"en-US\",\"potentialAction\":[{\"@type\":\"ReadAction\",\"target\":[\"https:\\\/\\\/solfaclick.com\\\/?page_id=270\"]}]},{\"@type\":\"ImageObject\",\"inLanguage\":\"en-US\",\"@id\":\"https:\\\/\\\/solfaclick.com\\\/?page_id=270#primaryimage\",\"url\":\"https:\\\/\\\/apprendre-la-musique.fr\\\/wp-content\\\/uploads\\\/2014\\\/01\\\/POSTERVID3_1-V1.jpg\",\"contentUrl\":\"https:\\\/\\\/apprendre-la-musique.fr\\\/wp-content\\\/uploads\\\/2014\\\/01\\\/POSTERVID3_1-V1.jpg\"},{\"@type\":\"BreadcrumbList\",\"@id\":\"https:\\\/\\\/solfaclick.com\\\/?page_id=270#breadcrumb\",\"itemListElement\":[{\"@type\":\"ListItem\",\"position\":1,\"name\":\"Home\",\"item\":\"https:\\\/\\\/solfaclick.com\\\/\"},{\"@type\":\"ListItem\",\"position\":2,\"name\":\"\u00c0 propos\"}]},{\"@type\":\"WebSite\",\"@id\":\"https:\\\/\\\/solfaclick.com\\\/#website\",\"url\":\"https:\\\/\\\/solfaclick.com\\\/\",\"name\":\"\",\"description\":\"\",\"potentialAction\":[{\"@type\":\"SearchAction\",\"target\":{\"@type\":\"EntryPoint\",\"urlTemplate\":\"https:\\\/\\\/solfaclick.com\\\/?s={search_term_string}\"},\"query-input\":{\"@type\":\"PropertyValueSpecification\",\"valueRequired\":true,\"valueName\":\"search_term_string\"}}],\"inLanguage\":\"en-US\"}]}<\/script>\n<!-- \/ Yoast SEO plugin. -->","yoast_head_json":{"title":"\u00c0 propos -","robots":{"index":"index","follow":"follow","max-snippet":"max-snippet:-1","max-image-preview":"max-image-preview:large","max-video-preview":"max-video-preview:-1"},"canonical":"https:\/\/solfaclick.com\/?page_id=270","og_locale":"en_US","og_type":"article","og_title":"\u00c0 propos -","og_description":"\u00a0 \u00a0 Alain Stoffen &#8211; Professeur de piano et p\u00e9dagogue passionn\u00e9. Depuis plus de 40 ans, Alain Stoffen consacre son [&hellip;]","og_url":"https:\/\/solfaclick.com\/?page_id=270","article_modified_time":"2026-04-26T09:55:57+00:00","og_image":[{"url":"https:\/\/apprendre-la-musique.fr\/wp-content\/uploads\/2014\/01\/POSTERVID3_1-V1.jpg","type":"","width":"","height":""}],"twitter_card":"summary_large_image","twitter_misc":{"Est. reading time":"2 minutes"},"schema":{"@context":"https:\/\/schema.org","@graph":[{"@type":"WebPage","@id":"https:\/\/solfaclick.com\/?page_id=270","url":"https:\/\/solfaclick.com\/?page_id=270","name":"\u00c0 propos -","isPartOf":{"@id":"https:\/\/solfaclick.com\/#website"},"primaryImageOfPage":{"@id":"https:\/\/solfaclick.com\/?page_id=270#primaryimage"},"image":{"@id":"https:\/\/solfaclick.com\/?page_id=270#primaryimage"},"thumbnailUrl":"https:\/\/apprendre-la-musique.fr\/wp-content\/uploads\/2014\/01\/POSTERVID3_1-V1.jpg","datePublished":"2025-08-10T04:55:32+00:00","dateModified":"2026-04-26T09:55:57+00:00","breadcrumb":{"@id":"https:\/\/solfaclick.com\/?page_id=270#breadcrumb"},"inLanguage":"en-US","potentialAction":[{"@type":"ReadAction","target":["https:\/\/solfaclick.com\/?page_id=270"]}]},{"@type":"ImageObject","inLanguage":"en-US","@id":"https:\/\/solfaclick.com\/?page_id=270#primaryimage","url":"https:\/\/apprendre-la-musique.fr\/wp-content\/uploads\/2014\/01\/POSTERVID3_1-V1.jpg","contentUrl":"https:\/\/apprendre-la-musique.fr\/wp-content\/uploads\/2014\/01\/POSTERVID3_1-V1.jpg"},{"@type":"BreadcrumbList","@id":"https:\/\/solfaclick.com\/?page_id=270#breadcrumb","itemListElement":[{"@type":"ListItem","position":1,"name":"Home","item":"https:\/\/solfaclick.com\/"},{"@type":"ListItem","position":2,"name":"\u00c0 propos"}]},{"@type":"WebSite","@id":"https:\/\/solfaclick.com\/#website","url":"https:\/\/solfaclick.com\/","name":"","description":"","potentialAction":[{"@type":"SearchAction","target":{"@type":"EntryPoint","urlTemplate":"https:\/\/solfaclick.com\/?s={search_term_string}"},"query-input":{"@type":"PropertyValueSpecification","valueRequired":true,"valueName":"search_term_string"}}],"inLanguage":"en-US"}]}},"_links":{"self":[{"href":"https:\/\/solfaclick.com\/index.php?rest_route=\/wp\/v2\/pages\/270","targetHints":{"allow":["GET"]}}],"collection":[{"href":"https:\/\/solfaclick.com\/index.php?rest_route=\/wp\/v2\/pages"}],"about":[{"href":"https:\/\/solfaclick.com\/index.php?rest_route=\/wp\/v2\/types\/page"}],"author":[{"embeddable":true,"href":"https:\/\/solfaclick.com\/index.php?rest_route=\/wp\/v2\/users\/1"}],"replies":[{"embeddable":true,"href":"https:\/\/solfaclick.com\/index.php?rest_route=%2Fwp%2Fv2%2Fcomments&post=270"}],"version-history":[{"count":49,"href":"https:\/\/solfaclick.com\/index.php?rest_route=\/wp\/v2\/pages\/270\/revisions"}],"predecessor-version":[{"id":947,"href":"https:\/\/solfaclick.com\/index.php?rest_route=\/wp\/v2\/pages\/270\/revisions\/947"}],"wp:attachment":[{"href":"https:\/\/solfaclick.com\/index.php?rest_route=%2Fwp%2Fv2%2Fmedia&parent=270"}],"curies":[{"name":"wp","href":"https:\/\/api.w.org\/{rel}","templated":true}]}}